{"id":1591,"date":"2024-03-11T22:29:57","date_gmt":"2024-03-11T21:29:57","guid":{"rendered":"https:\/\/site.webjamaa.net\/?page_id=1591"},"modified":"2024-04-11T17:25:16","modified_gmt":"2024-04-11T15:25:16","slug":"ramadan-2024","status":"publish","type":"page","link":"https:\/\/site.webjamaa.net\/","title":{"rendered":"Ramadan 2024"},"content":{"rendered":"<section class=\"l-section wpb_row height_full valign_center color_primary with_img parallax_ver with_overlay\"><div class=\"l-section-img\" style=\"background-image: url(https:\/\/site.webjamaa.net\/wp-content\/uploads\/2024\/04\/Page-titre-ram-20243-82-scaled.jpg);\" data-img-width=\"2560\" data-img-height=\"1440\"><\/div><div class=\"l-section-overlay\" style=\"background: linear-gradient(135deg,rgba(235,121,21,0.25),rgba(233,151,80,0))\"><\/div><div class=\"l-section-h i-cf\"><div class=\"g-cols vc_row type_default valign_middle reversed\"><div class=\"vc_col-sm-8 wpb_column vc_column_container animate_afb\"><div class=\"vc_column-inner\"><div class=\"wpb_wrapper\"><div class=\"wpb_text_column us_custom_5eb376ec has_text_color\" ><div class=\"wpb_wrapper\"><h1>C\u00e9l\u00e9bration de l&rsquo;A\u00efd el-Fitr<\/h1>\n<\/div><\/div><div class=\"wpb_text_column us_custom_5eb376ec has_text_color\" ><div class=\"wpb_wrapper\"><h5>Jeudi 11 avril 2024 &#8211; 18h00 (heure de Paris)<\/h5>\n<\/div><\/div><div class=\"wpb_text_column us_custom_98a1bb16 has_text_color\" ><div class=\"wpb_wrapper\"><div class=\"page\" title=\"Page 1\">\n<div class=\"section\">\n<div class=\"layoutArea\">\n<div class=\"column\">\n<p>En direct de Mostaganem, Alg\u00e9rie,\u00a0rejoignez-nous pour c\u00e9l\u00e9brer l&rsquo;A\u00efd el-Fitr en pri\u00e8re et invocation. Partageons ensemble ce moment de r\u00e9jouissance et de gratitude.<\/p>\n<p>Sur Zoom, Youtube et Facebook.<\/p>\n<\/div>\n<\/div>\n<\/div>\n<\/div>\n<\/div><\/div><div class=\"w-actionbox color_primary controls_right\"><div class=\"w-actionbox-text\"><h3>En direct via Zoom<\/h3><p>Code secret\u00a0: 319646<\/p>\n<\/div><div class=\"w-actionbox-controls\"><a class=\"w-btn us-btn-style_5\" title=\"Lien Zoom\" href=\"https:\/\/us06web.zoom.us\/j\/86570971663?pwd=QIcxNEiqutlRHe3dFctm1pjFsFnC2D.1\"><span class=\"w-btn-label\">Suivre sur Zoom<\/span><\/a><\/div><\/div><div class=\"w-separator size_medium\"><\/div><div class=\"w-separator size_medium\"><\/div><\/div><\/div><\/div><div class=\"vc_col-sm-4 vc_hidden-md vc_hidden-sm vc_hidden-xs wpb_column vc_column_container animate_afb\" style=\"animation-delay:0.2s\"><div class=\"vc_column-inner\"><div class=\"wpb_wrapper\"><\/div><\/div><\/div><\/div><\/div><\/section><section class=\"l-section wpb_row height_full valign_center color_primary with_img parallax_ver with_overlay\"><div class=\"l-section-img\" style=\"background-image: url(https:\/\/site.webjamaa.net\/wp-content\/uploads\/2024\/03\/Page-titre-ram-20243-scaled.jpg);\" data-img-width=\"2560\" data-img-height=\"1440\"><\/div><div class=\"l-section-overlay\" style=\"background: linear-gradient(135deg,rgba(235,121,21,0.25),rgba(233,151,80,0))\"><\/div><div class=\"l-section-h i-cf\"><div class=\"g-cols vc_row type_default valign_middle reversed\"><div class=\"vc_col-sm-8 wpb_column vc_column_container animate_afb\"><div class=\"vc_column-inner\"><div class=\"wpb_wrapper\"><div class=\"wpb_text_column us_custom_5eb376ec has_text_color\" ><div class=\"wpb_wrapper\"><h1>La Nuit de la Valeur<\/h1>\n<\/div><\/div><div class=\"wpb_text_column us_custom_5eb376ec has_text_color\" ><div class=\"wpb_wrapper\"><h5>Dimanche 7 avril 2024 &#8211; 21h30<\/h5>\n<\/div><\/div><div class=\"wpb_text_column us_custom_98a1bb16 has_text_color\" ><div class=\"wpb_wrapper\"><div class=\"page\" title=\"Page 1\">\n<div class=\"section\">\n<div class=\"layoutArea\">\n<div class=\"column\">\n<p>Les voies soufies c\u00e9l\u00e8brent Laylat al-qadr (la Nuit de la Valeur) \u00e0 la Grande mosqu\u00e9e de Paris ce dimanche 7 avril 2024 \u00e0 21h30.<\/p>\n<p>En direct sur Zoom, Youtube et Facebook.<\/p>\n<\/div>\n<\/div>\n<\/div>\n<\/div>\n<\/div><\/div><div class=\"w-actionbox color_primary controls_right\"><div class=\"w-actionbox-text\"><h3>En direct via Zoom<\/h3><p>Code secret\u00a0: 515588<\/p>\n<\/div><div class=\"w-actionbox-controls\"><a class=\"w-btn us-btn-style_5\" title=\"Lien Zoom\" href=\"https:\/\/us06web.zoom.us\/j\/81339402473?pwd=zvfpAlaugc8PkcASsmoL3B0iIK2InQ.VK49D0doR-kx8sr7\"><span class=\"w-btn-label\">Suivre sur Zoom<\/span><\/a><\/div><\/div><div class=\"w-separator size_medium\"><\/div><div class=\"w-separator size_medium\"><\/div><\/div><\/div><\/div><div class=\"vc_col-sm-4 vc_hidden-md vc_hidden-sm vc_hidden-xs wpb_column vc_column_container animate_afb\" style=\"animation-delay:0.2s\"><div class=\"vc_column-inner\"><div class=\"wpb_wrapper\"><\/div><\/div><\/div><\/div><\/div><\/section><section class=\"l-section wpb_row height_full valign_center color_primary with_img parallax_ver with_overlay\"><div class=\"l-section-img\" style=\"background-image: url(https:\/\/site.webjamaa.net\/wp-content\/uploads\/2024\/03\/Page-titre-ram-20243-scaled.jpg);\" data-img-width=\"2560\" data-img-height=\"1440\"><\/div><div class=\"l-section-overlay\" style=\"background: linear-gradient(135deg,rgba(235,121,21,0.25),rgba(233,151,80,0))\"><\/div><div class=\"l-section-h i-cf\"><div class=\"g-cols vc_row type_default valign_middle reversed\"><div class=\"vc_col-sm-8 wpb_column vc_column_container animate_afb\"><div class=\"vc_column-inner\"><div class=\"wpb_wrapper\"><div class=\"wpb_text_column us_custom_5eb376ec has_text_color\" ><div class=\"wpb_wrapper\"><h1>Khalwa du Ramadan 2024<\/h1>\n<\/div><\/div><div class=\"wpb_text_column us_custom_5eb376ec has_text_color\" ><div class=\"wpb_wrapper\"><h5>Du 04 au 07 avril 2024 \u00e0 22h00<\/h5>\n<\/div><\/div><div class=\"wpb_text_column us_custom_98a1bb16 has_text_color\" ><div class=\"wpb_wrapper\"><div class=\"page\" title=\"Page 1\">\n<div class=\"section\">\n<div class=\"layoutArea\">\n<div class=\"column\">\n<div>\n<p>Cette Khalwa sera consacr\u00e9e a\u0300 la situation dramatique que vivent nos fr\u00e8res et s\u0153urs en Palestine et a\u0300 Gaza en particulier en esp\u00e9rant une ouverture et un d\u00e9nouement rapide qui mette fin a\u0300 ces souffrances intol\u00e9rables. Que cette Khalwa de fin de Ramadan soit pour les Palestiniens une d\u00e9livrance de l\u2019enfer de la guerre.<\/p>\n<\/div>\n<\/div>\n<\/div>\n<\/div>\n<\/div>\n<\/div><\/div><div class=\"w-btn-wrapper width_auto align_left\"><a class=\"w-btn us-btn-style_8 us_custom_33e52dd0 icon_atleft\" title=\"Ramadan Nights\" href=\"https:\/\/site.webjamaa.net\/wp-content\/uploads\/2024\/04\/Deroule-Dhikr-Retraite-Spirituelle-04-07-Avril-2024.pdf\"><i class=\"fas fa-text\"><\/i><span class=\"w-btn-label\">Programme de la Khalwa<\/span><\/a><\/div><div class=\"w-btn-wrapper width_auto align_left\"><a class=\"w-btn us-btn-style_6 us_custom_33e52dd0 icon_atleft\" title=\"Lettre AR\" href=\"https:\/\/site.webjamaa.net\/wp-content\/uploads\/2024\/04\/Lettre-Khalwa.pdf\"><i class=\"fas fa-wifi\"><\/i><span class=\"w-btn-label\">Message du Cheikh Bentounes &#8211; AR<\/span><\/a><\/div><div class=\"w-separator size_medium\"><\/div><div class=\"w-actionbox color_primary controls_right\"><div class=\"w-actionbox-text\"><h3>Wird<\/h3><\/div><div class=\"w-actionbox-controls\"><a class=\"w-btn us-btn-style_5\" title=\"Lien Youtube\" href=\"https:\/\/youtu.be\/p8ihyCboqkY\"><span class=\"w-btn-label\">Suivre sur Youtube<\/span><\/a><\/div><\/div><div class=\"w-actionbox color_primary controls_right\"><div class=\"w-actionbox-text\"><h3>Dhikr de la Khalwa<\/h3><\/div><div class=\"w-actionbox-controls\"><a class=\"w-btn us-btn-style_5\" title=\"Lien Youtube\" href=\"https:\/\/youtu.be\/DrANajtvPNM\"><span class=\"w-btn-label\">Suivre sur Youtube<\/span><\/a><\/div><\/div><div class=\"w-separator size_medium\"><\/div><\/div><\/div><\/div><div class=\"vc_col-sm-4 vc_hidden-md vc_hidden-sm vc_hidden-xs wpb_column vc_column_container animate_afb\" style=\"animation-delay:0.2s\"><div class=\"vc_column-inner\"><div class=\"wpb_wrapper\"><\/div><\/div><\/div><\/div><\/div><\/section><section class=\"l-section wpb_row height_full valign_center color_primary with_img parallax_ver with_overlay\"><div class=\"l-section-img\" style=\"background-image: url(https:\/\/site.webjamaa.net\/wp-content\/uploads\/2024\/03\/Page-titre-ram-20243-scaled.jpg);\" data-img-width=\"2560\" data-img-height=\"1440\"><\/div><div class=\"l-section-overlay\" style=\"background: linear-gradient(135deg,rgba(235,121,21,0.25),rgba(233,151,80,0))\"><\/div><div class=\"l-section-h i-cf\"><div class=\"g-cols vc_row type_default valign_middle reversed\"><div class=\"vc_col-sm-8 wpb_column vc_column_container animate_afb\"><div class=\"vc_column-inner\"><div class=\"wpb_wrapper\"><div class=\"wpb_text_column us_custom_5eb376ec has_text_color\" ><div class=\"wpb_wrapper\"><h1>Ramadan 2024<\/h1>\n<\/div><\/div><div class=\"wpb_text_column us_custom_98a1bb16 has_text_color\" ><div class=\"wpb_wrapper\"><div class=\"page\" title=\"Page 1\">\n<div class=\"section\">\n<div class=\"layoutArea\">\n<div class=\"column\">\n<p>Ce\u0301le\u0301brons ensemble quotidiennement le mois de Ramadan par la prie\u0300re et le <em>dhikr<\/em>, via la plateforme Webjamaa, afin de nous rassembler et gou\u0302ter des moments de quie\u0301tude et de paix.<br \/>\nPour participer au temps de <em>dhikr<\/em> de 17h00, veuillez <a href=\"https:\/\/site.webjamaa.net\/wp-content\/uploads\/2024\/03\/Cal_ramadan_2024_02.pdf\">consulter le calendrier au format PDF<\/a>. Des liens permettant de suivre ce temps quotidiennement figurent dans le document (lien \/ link).<br \/>\nPour participer aux soir\u00e9es du Ramadan, \u00e0 partir de 21h30, nous publierons sur cette page, au fur et \u00e0 mesure, les liens vous permettant de suivre ce moment de partage.<\/div>\n<\/div>\n<\/div>\n<\/div>\n<\/div><\/div><div class=\"w-btn-wrapper width_auto align_left\"><a class=\"w-btn us-btn-style_6 us_custom_33e52dd0 icon_atleft\" title=\"Litanies et r\u00e9citation du Coran\" href=\"https:\/\/site.webjamaa.net\/wp-content\/uploads\/2024\/03\/Cal_ramadan_2024_02.pdf\"><i class=\"fas fa-text\"><\/i><span class=\"w-btn-label\">Calendrier Litanies et r\u00e9citation du Coran<\/span><\/a><\/div><div class=\"w-btn-wrapper width_auto align_left\"><a class=\"w-btn us-btn-style_8 us_custom_33e52dd0 icon_atleft\" title=\"Ramadan Nights\" href=\"https:\/\/site.webjamaa.net\/wp-content\/uploads\/2024\/03\/Cal_ramadan_2024-v3.pdf\"><i class=\"fas fa-text\"><\/i><span class=\"w-btn-label\">Programme Ramadan Nights<\/span><\/a><\/div><div class=\"w-separator size_small with_line width_default thick_1 style_dotted color_primary align_center\"><div class=\"w-separator-h\"><\/div><\/div><div class=\"w-actionbox color_primary controls_right\"><div class=\"w-actionbox-text\"><h4>La notion du temps dans La civilisation islamique<\/h4><\/div><div class=\"w-actionbox-controls\"><a class=\"w-btn us-btn-style_4\" title=\"Lien Youtube\" href=\"https:\/\/youtu.be\/j-FsFGIOgwE\"><span class=\"w-btn-label\">Revoir<\/span><\/a><\/div><\/div><div class=\"w-actionbox color_primary controls_right\"><div class=\"w-actionbox-text\"><h4>Dhikr de Nafqa, Taouirt &#8211; Maroc<\/h4><\/div><div class=\"w-actionbox-controls\"><a class=\"w-btn us-btn-style_4\" title=\"Lien Youtube\" href=\"https:\/\/youtu.be\/1noPtKA4S3E\"><span class=\"w-btn-label\">Revoir<\/span><\/a><\/div><\/div><div class=\"w-actionbox color_primary controls_right\"><div class=\"w-actionbox-text\"><h4>Dhikr \u00e0 Cannes, France<\/h4><\/div><div class=\"w-actionbox-controls\"><a class=\"w-btn us-btn-style_4\" title=\"Lien Youtube\" href=\"https:\/\/youtu.be\/DIrHtZ6ZsHM\"><span class=\"w-btn-label\">Revoir<\/span><\/a><\/div><\/div><div class=\"w-actionbox color_primary controls_right\"><div class=\"w-actionbox-text\"><h4>Dhikr \u00e0 Relizane, Alg\u00e9rie<\/h4><\/div><div class=\"w-actionbox-controls\"><a class=\"w-btn us-btn-style_4\" title=\"Lien Youtube\" href=\"https:\/\/youtu.be\/gB8UoDIHvh4\"><span class=\"w-btn-label\">Revoir<\/span><\/a><\/div><\/div><\/div><\/div><\/div><div class=\"vc_col-sm-4 vc_hidden-md vc_hidden-sm vc_hidden-xs wpb_column vc_column_container animate_afb\" style=\"animation-delay:0.2s\"><div class=\"vc_column-inner\"><div class=\"wpb_wrapper\"><\/div><\/div><\/div><\/div><\/div><\/section>\n","protected":false},"excerpt":{"rendered":"C\u00e9l\u00e9bration de l&rsquo;A\u00efd el-Fitr Jeudi 11 avril 2024 &#8211; 18h00 (heure de Paris) En direct de Mostaganem, Alg\u00e9rie,\u00a0rejoignez-nous pour c\u00e9l\u00e9brer l&rsquo;A\u00efd el-Fitr en pri\u00e8re et invocation. Partageons ensemble ce moment de r\u00e9jouissance et de gratitude. Sur Zoom, Youtube et Facebook. En direct via ZoomCode secret\u00a0: 319646 Suivre sur Zoom La Nuit de la Valeur Dimanche...","protected":false},"author":1,"featured_media":0,"parent":0,"menu_order":0,"comment_status":"closed","ping_status":"closed","template":"","meta":[],"_links":{"self":[{"href":"https:\/\/site.webjamaa.net\/index.php\/wp-json\/wp\/v2\/pages\/1591"}],"collection":[{"href":"https:\/\/site.webjamaa.net\/index.php\/wp-json\/wp\/v2\/pages"}],"about":[{"href":"https:\/\/site.webjamaa.net\/index.php\/wp-json\/wp\/v2\/types\/page"}],"author":[{"embeddable":true,"href":"https:\/\/site.webjamaa.net\/index.php\/wp-json\/wp\/v2\/users\/1"}],"replies":[{"embeddable":true,"href":"https:\/\/site.webjamaa.net\/index.php\/wp-json\/wp\/v2\/comments?post=1591"}],"version-history":[{"count":22,"href":"https:\/\/site.webjamaa.net\/index.php\/wp-json\/wp\/v2\/pages\/1591\/revisions"}],"predecessor-version":[{"id":1627,"href":"https:\/\/site.webjamaa.net\/index.php\/wp-json\/wp\/v2\/pages\/1591\/revisions\/1627"}],"wp:attachment":[{"href":"https:\/\/site.webjamaa.net\/index.php\/wp-json\/wp\/v2\/media?parent=1591"}],"curies":[{"name":"wp","href":"https:\/\/api.w.org\/{rel}","templated":true}]}}